{"id":65,"date":"2015-06-22T00:58:52","date_gmt":"2015-06-22T03:58:52","guid":{"rendered":"http:\/\/diario.laradiointegral.cl\/?page_id=65"},"modified":"2018-03-18T23:47:43","modified_gmt":"2018-03-19T02:47:43","slug":"equipo","status":"publish","type":"page","link":"https:\/\/diariointegral.cl\/?page_id=65","title":{"rendered":"Sobre El Diario Integral"},"content":{"rendered":"<figure id=\"attachment_2108\" aria-describedby=\"caption-attachment-2108\" style=\"width: 859px\" class=\"wp-caption aligncenter\"><a href=\"http:\/\/res.cloudinary.com\/diariointegral\/image\/upload\/v1521427662\/cropped-banner-superior-diario-fw_.png\" rel=\"attachment wp-att-2108\"><img decoding=\"async\" loading=\"lazy\" class=\"wp-image-2108 size-full\" src=\"http:\/\/res.cloudinary.com\/diariointegral\/image\/upload\/v1521427662\/cropped-banner-superior-diario-fw_.png\" alt=\"cropped-banner-superior-diario.fw_.png\" width=\"859\" height=\"339\" \/><\/a><figcaption id=\"caption-attachment-2108\" class=\"wp-caption-text\">Nuestro logotipo. Ahora no se parece al de la Radio as\u00ed que pueden dejar de confundirnos \ud83d\ude00<\/figcaption><\/figure>\n<p style=\"text-align: justify;\">\u00abEl Diario Integral\u00bb es un medio de comunicaci\u00f3n electr\u00f3nico, que publica noticias en el momento en que ocurren, y reportajes, entrevistas y art\u00edculos de interes general tres\u00a0veces a la semana. Naci\u00f3 en Junio de 2015 en el transcurso del paro por el movimiento Estudiantil de ese a\u00f1o como proyecto hermano de La Radio Integral.<\/p>\n<p style=\"text-align: justify;\">Tal como aparece explicado en la p\u00e1gina \u00ab\u00bfQuienes Somos?\u00bb, nuestros objetivos son difundir informaci\u00f3n relevante para el integrante de la Comunidad Beauchefiana, y fomentar la formaci\u00f3n y expresi\u00f3n de opini\u00f3nes de parte de sus lectores y escritores. Debido a ello, estamos siempre abiertos a recibir nuevos integrantes para publicaciones peri\u00f3dicas, o simplemente noticias y columnas espor\u00e1dicas. En caso que te interese formar parte de nuestro equipo, cont\u00e1ctanos.<\/p>\n<p style=\"text-align: justify;\">En la p\u00e1gina \u00abEquipo\u00bb podr\u00e1s conocer los actuales responsables de mantener el Diario en funcionamiento.<\/p>\n<p style=\"text-align: justify;\">\u00a1Saludos y gracias por leernos!<\/p>\n<h1><\/h1>\n<h1>Proyectos Transversales de El Diario Integral<\/h1>\n<p style=\"text-align: justify;\">El equipo de \u00abEl Diario Integral\u00bb se define como un grupo organizado abierto a la participaci\u00f3n de estudiantes, docentes y funcionarios, principalmente de la Facultad de Ciencias F\u00edsicas y Matem\u00e1ticas de la Universidad de Chile, cuyo objetivo es reunir la mayor cantidad de informaci\u00f3n de potencial relevancia para los integrantes de nuestro lugar de estudios, buscando de esta forma potenciar el desarrollo de una opini\u00f3n cr\u00edtica con respecto a las situaciones que ocurren d\u00eda a d\u00eda a nuestro alrededor.<\/p>\n<p style=\"text-align: justify;\">Adem\u00e1s, como medio de comunicaci\u00f3n fomentamos la difusi\u00f3n de las diversas opiniones que existen en la facultad, proporcionando un espacio para que \u00e9stas se puedan discutir y complementar. De esta forma esperamos ampliar los espacios de debate y generar en los lectores la cultura de mantenerse informados acerca de lo que pasa a su alrededor\u00a0y opinar acerca de ello.<\/p>\n<p style=\"text-align: justify;\">Por \u00faltimo, pero no menos importante, trabajamos en pos de la clarificaci\u00f3n y transparentizaci\u00f3n de la informaci\u00f3n relativa a las decisiones tomadas por los individuos a cargo de diversas instituciones dentro de nuestra facultad, de forma de incentivar la fiscalizaci\u00f3n de parte de las lectoras y los lectores de nuestro medio comunicativo, generando una facultad m\u00e1s democr\u00e1tica y participativa.<\/p>\n<p style=\"text-align: justify;\">Todo lo anterior lo definimos como proyectos transversales del Diario, y en estas bases se desarrollar\u00e1 todo trabajo a realizarse desde su fundaci\u00f3n en adelante.\u00bb<\/p>\n<p style=\"text-align: justify;\"><em>Santiago, Viernes 19 de Junio de 2015\u00a0<\/em><\/p>\n<h1>\u00bfQuienes somos?<\/h1>\n<p>El equipo del a\u00f1o 2015 de \u00abEl Diario Integral\u00bb es el siguiente:<\/p>\n<h2>Directiva<\/h2>\n<p><strong>Director General:<\/strong>\u00a0Eduardo Riveros Roca<\/p>\n<p><strong>Director de Edici\u00f3n:<\/strong>\u00a0Felipe Matus D\u00edaz<\/p>\n<p><strong>Directora de Difusi\u00f3n:<\/strong>\u00a0Monserrat Morales Bustos<\/p>\n<p><strong>Director de Finanzas:<\/strong>\u00a0Basti\u00e1n Inostroza Guerrero<\/p>\n<p><strong>Director de Extensi\u00f3n:<\/strong>\u00a0Camilo Carrasco Becerra<\/p>\n<h2>Equipo de Edici\u00f3n<\/h2>\n<p><strong>Jefe de Edici\u00f3n:<\/strong> Felipe Matus D\u00edaz<\/p>\n<p><strong>Editores:<\/strong><\/p>\n<p>Alejandra Alarc\u00f3n Valenzuela<\/p>\n<p>Cristobal Sep\u00falveda Cobo<\/p>\n<p>Rodrigo Quezada Mustaros<\/p>\n<p>Renato Espinoza Labb\u00e9<\/p>\n<h2>Periodistas Regulares<\/h2>\n<p>&lt;Pronto&gt;<\/p>\n<h2>Columnistas Regulares<\/h2>\n<p>&lt;Pronto&gt;<\/p>\n","protected":false},"excerpt":{"rendered":"<p>\u00abEl Diario Integral\u00bb es un medio de comunicaci\u00f3n electr\u00f3nico, que publica noticias en el momento en que ocurren, y reportajes,<\/p>\n","protected":false},"author":1,"featured_media":2108,"parent":0,"menu_order":0,"comment_status":"open","ping_status":"open","template":"","meta":{"footnotes":""},"_links":{"self":[{"href":"https:\/\/diariointegral.cl\/index.php?rest_route=\/wp\/v2\/pages\/65"}],"collection":[{"href":"https:\/\/diariointegral.cl\/index.php?rest_route=\/wp\/v2\/pages"}],"about":[{"href":"https:\/\/diariointegral.cl\/index.php?rest_route=\/wp\/v2\/types\/page"}],"author":[{"embeddable":true,"href":"https:\/\/diariointegral.cl\/index.php?rest_route=\/wp\/v2\/users\/1"}],"replies":[{"embeddable":true,"href":"https:\/\/diariointegral.cl\/index.php?rest_route=%2Fwp%2Fv2%2Fcomments&post=65"}],"version-history":[{"count":9,"href":"https:\/\/diariointegral.cl\/index.php?rest_route=\/wp\/v2\/pages\/65\/revisions"}],"predecessor-version":[{"id":6563,"href":"https:\/\/diariointegral.cl\/index.php?rest_route=\/wp\/v2\/pages\/65\/revisions\/6563"}],"wp:featuredmedia":[{"embeddable":true,"href":"https:\/\/diariointegral.cl\/index.php?rest_route=\/wp\/v2\/media\/2108"}],"wp:attachment":[{"href":"https:\/\/diariointegral.cl\/index.php?rest_route=%2Fwp%2Fv2%2Fmedia&parent=65"}],"curies":[{"name":"wp","href":"https:\/\/api.w.org\/{rel}","templated":true}]}}