{"id":6740,"date":"2018-03-26T00:14:40","date_gmt":"2018-03-26T03:14:40","guid":{"rendered":"https:\/\/www.eldiariointegral.cl\/?page_id=6740"},"modified":"2018-03-26T00:14:40","modified_gmt":"2018-03-26T03:14:40","slug":"linea-editorial","status":"publish","type":"page","link":"https:\/\/diariointegral.cl\/?page_id=6740","title":{"rendered":"L\u00ednea Editorial"},"content":{"rendered":"<p>En Diario Integral no tenemos problemas con publicar todo contenido generado por la comunidad que cumpla con estas 5 reglas b\u00e1sicas:<\/p>\n<ul>\n<li><b>Respetar a los integrantes de la comunidad beauchefiana.<\/b> Contenido que incite el odio o difame injustificadamente a un integrante de \u00e9sta no ser\u00e1 aceptado.<\/li>\n<li><b>Respetar la propiedad intelectual<\/b>. Contenido plagiado o utilizado sin autorizaci\u00f3n de su creador no ser\u00e1 aceptado y ser\u00e1 reportado al autor original.<\/li>\n<li><b>Respetar a los lectores, a trav\u00e9s de buena ortograf\u00eda y redacci\u00f3n.<\/b> Contenido que no cumpla con est\u00e1ndares b\u00e1sicos de legibilidad no ser\u00e1 aceptado.<\/li>\n<li><b>Respaldar informaciones con fuentes concretas. <\/b>Contenido informativo que no entregue fuentes claras de las cuales se obtuvo la informaci\u00f3n no ser\u00e1 aceptado.<\/li>\n<li><b>Hacerse cargo del contenido publicado.<\/b> El contenido de tipo informativo u opini\u00f3n que no se encuentre debidamente firmado, <b>no ser\u00e1 aceptado<\/b>, salvo casos sumamente especiales discutidos por el<b> equipo de editores<\/b>. El contenido literario o art\u00edstico, publicado bajo pseud\u00f3nimos, est\u00e1 autorizado siempre y cuando internamente el equipo editorial maneje un contacto directo con el creador.<\/li>\n<\/ul>\n","protected":false},"excerpt":{"rendered":"<p>En Diario Integral no tenemos problemas con publicar todo contenido generado por la comunidad que cumpla con estas 5 reglas<\/p>\n","protected":false},"author":1,"featured_media":0,"parent":0,"menu_order":0,"comment_status":"closed","ping_status":"closed","template":"","meta":{"footnotes":""},"_links":{"self":[{"href":"https:\/\/diariointegral.cl\/index.php?rest_route=\/wp\/v2\/pages\/6740"}],"collection":[{"href":"https:\/\/diariointegral.cl\/index.php?rest_route=\/wp\/v2\/pages"}],"about":[{"href":"https:\/\/diariointegral.cl\/index.php?rest_route=\/wp\/v2\/types\/page"}],"author":[{"embeddable":true,"href":"https:\/\/diariointegral.cl\/index.php?rest_route=\/wp\/v2\/users\/1"}],"replies":[{"embeddable":true,"href":"https:\/\/diariointegral.cl\/index.php?rest_route=%2Fwp%2Fv2%2Fcomments&post=6740"}],"version-history":[{"count":0,"href":"https:\/\/diariointegral.cl\/index.php?rest_route=\/wp\/v2\/pages\/6740\/revisions"}],"wp:attachment":[{"href":"https:\/\/diariointegral.cl\/index.php?rest_route=%2Fwp%2Fv2%2Fmedia&parent=6740"}],"curies":[{"name":"wp","href":"https:\/\/api.w.org\/{rel}","templated":true}]}}